{"id":313,"date":"2014-07-01T11:08:51","date_gmt":"2014-07-01T11:08:51","guid":{"rendered":"http:\/\/casacolomina.es\/?page_id=313"},"modified":"2019-12-03T11:00:23","modified_gmt":"2019-12-03T11:00:23","slug":"nuestros-turrones-duros","status":"publish","type":"page","link":"http:\/\/casacolomina.es\/?page_id=313","title":{"rendered":"Turrones duros"},"content":{"rendered":"<p>&nbsp;<\/p>\n<p>&nbsp;<\/p>\n<p>&nbsp;<\/p>\n<div id=\"1223\">\n\t<div id=\"gallery_bank_main_container_1223\" class=\"gallery_bank_main_container\">\n\t\t\t<style type=\"text\/css\">\n\t\t\t#gallery_bank_main_container_1223\t\t\t{\n\t\t\t\tdirection: ltr !important;\n\t\t\t}\n\t\t\t.gb-filter-holder_1223\t\t\t{\n\t\t\t\ttext-align: ;\n\t\t\t}\n\t\t@import url('http:\/\/fonts.googleapis.com\/css?family=Roboto+Slab%3A700');\r\n@import url('http:\/\/fonts.googleapis.com\/css?family=Roboto+Slab%3A300');\r\n@import url('http:\/\/fonts.googleapis.com\/css?family=Roboto+Slab%3A700');\r\n@import url('http:\/\/fonts.googleapis.com\/css?family=Roboto+Slab%3A300');\r\n\t\t\t\t\t#gallery_bank_main_container_1223\t\t\t\t\t{\n\t\t\t\t\t\tmax-width: 780px !important;\n\t\t\t\t\ttext-align: left !important;\t\t\t\t\t}\n\t\t\t\t\t#gallery_title_container_1223 h2\t\t\t\t\t{\n\t\t\t\t\t\tline-height: 1.7 !important;\n\t\t\t\t\t\ttext-align: left!important;\n\t\t\t\t\t\tfont-size: 20px !important;\n\t\t\t\t\t\tcolor: #000000 !important;\n\t\t\t\t\t\tmargin: 10px 0px 10px 0px !important;\n\t\t\t\t\t\tpadding: 10px 0px 10px 0px !important;\n\t\t\t\t\t\tfont-family: 'Roboto Slab' !important;\r\n\tfont-weight: 700 !important;\t\t\t\t\t}\n\t\t\t\t\t#gallery_desc_container_1223 h3\t\t\t\t\t{\n\t\t\t\t\t\tline-height: 1.7 !important;\n\t\t\t\t\t\ttext-align: left !important;\n\t\t\t\t\t\tfont-size: 16px !important;\n\t\t\t\t\t\tcolor: #787D85 !important;\n\t\t\t\t\t\tmargin: 10px 0px 10px 0px !important;\n\t\t\t\t\t\tpadding: 0px 0px 10px 0px !important;\n\t\t\t\t\t\tfont-family: 'Roboto Slab' !important;\r\n\tfont-weight: 300 !important;\t\t\t\t\t}\n\t\t\t\t\t.masonry_grid_layout_container\n\t\t\t\t\t{\n\t\t\t\t\t\tclear:both !important;\n\t\t\t\t\t}\n\t\t\t\t\t.masonry_grid_wrapper_item\n\t\t\t\t\t{\n\t\t\t\t\t\t\t\t\t\t\t\tbackground: rgba(235,232,235,0.5) !important;\n\t\t\t\t\t\t\t\t\t\t\t\tmargin: 10px 10px 0px 0px !important;\n\t\t\t\t\t\tpadding: 0px 0px 0px 0px !important;\n\t\t\t\t\t\toverflow: hidden !important;\n\t\t\t\t\t\tbox-shadow: 0px 0px 0px 0px #000000!important;\n\t\t\t\t\t\t-webkit-box-shadow: 0px 0px 0px 0px #000000!important;\n\t\t\t\t\t\t-moz-box-shadow: 0px 0px 0px 0px #000000!important;\n\t\t\t\t\t}\n\t\t\t\t\t.masonry_grid_item_image_1223\t\t\t\t\t{\n\t\t\t\t\t\twidth: 250px !important;\n\t\t\t\t\t\topacity: 1 !important;\n\t\t\t\t\t}\n\t\t\t\t\t.masonry_grid_item_image_1223:hover\n\t\t\t\t\t{\n\t\t\t\t\t\ttransition: 1s !important;\n\t\t\t\t\t\ttransform: none !important;\n\t\t\t\t\t\t-ms-filter: none !important;\n\t\t\t\t\t\t-o-filter: none !important;\n\t\t\t\t\t\tfilter: none !important;\n\t\t\t\t\t\t-moz-filter: none !important;\n\t\t\t\t\t\t-webkit-filter: none !important;\n\t\t\t\t\t}\n\t\t\t\t\t.masonry_grid_item_image_1223 img\n\t\t\t\t\t{\n\t\t\t\t\t\tborder: 0px solid #cccccc !important;\n\t\t\t\t\t\tborder-radius: 0px !important;\n\t\t\t\t\t\t-webkit-border-radius: 0px !important;\n\t\t\t\t\t\t-moz-border-radius: 0px !important;\n\t\t\t\t\t\twidth: 250px !important;\n\t\t\t\t\t}\n\t\t\t\t\t.masonry_grid_content_item\n\t\t\t\t\t{\n\t\t\t\t\t\twidth: 250px !important;\n\t\t\t\t\t}\n\t\t\t\t\t.masonry_grid_single_text_title h3\t\t\t\t\t{\n\t\t\t\t\t\tline-height: 1.7 !important;\n\t\t\t\t\t\ttext-align: left !important;\n\t\t\t\t\t\tfont-size: 14px !important;\n\t\t\t\t\t\tcolor: #787D85 !important;\n\t\t\t\t\t\tmargin: 0px 5px 0px 5px !important;\n\t\t\t\t\t\tpadding: 10px 10px 10px 10px !important;\n\t\t\t\t\t\tfont-family: 'Roboto Slab' !important;\r\n\tfont-weight: 700 !important;\t\t\t\t\t}\n\t\t\t\t\t.masonry_grid_single_text_desc p\t\t\t\t\t{\n\t\t\t\t\t\tline-height: 1.7 !important;\n\t\t\t\t\t\ttext-align: left !important;\n\t\t\t\t\t\tfont-size: 12px !important;\n\t\t\t\t\t\tcolor: #787D85 !important;\n\t\t\t\t\t\tmargin: 0px 5px 0px 5px !important;\n\t\t\t\t\t\tpadding: 5px 10px 10px 5px !important;\n\t\t\t\t\t\tfont-family: 'Roboto Slab' !important;\r\n\tfont-weight: 300 !important;\t\t\t\t\t}\n\t\t\t\t\t\t\t\t\t\t.fbx-caption\n\t\t\t\t\t{\n\t\t\t\t\t\ttext-align: left !important;\n\t\t\t\t\t\tborder-bottom-left-radius: 5px !important;\n\t\t\t\t\t\tborder-bottom-right-radius: 5px !important;\n\t\t\t\t\t}\n\t\t\t\t\t.fbx-caption-title h2\t\t\t\t\t{\n\t\t\t\t\t\tline-height: 1.7em !important;\n\t\t\t\t\t\tdisplay: block!important;\n\t\t\t\t\t\ttext-align: left !important;\n\t\t\t\t\t\tfont-size: 16px !important;\n\t\t\t\t\t\tcolor : #ffffff !important;\n\t\t\t\t\t\tmargin: 10px 0px 10px 0px !important;\n\t\t\t\t\t\tpadding: 10px 10px 10px 10px !important;\n\t\t\t\t\t\tfont-family: 'Roboto Slab' !important;\r\n\tfont-weight: 700 !important;\t\t\t\t\t}\n\t\t\t\t\t.fbx-caption-desc h3\t\t\t\t\t{\n\t\t\t\t\t\tline-height: 1.7em !important;\n\t\t\t\t\t\tdisplay: block!important;\n\t\t\t\t\t\ttext-align: left !important;\n\t\t\t\t\t\tfont-size: 14px !important;\n\t\t\t\t\t\tcolor : #ffffff !important;\n\t\t\t\t\t\tmargin: 5px 0px 5px 0px !important;\n\t\t\t\t\t\tpadding: 20px 10px 10px 10px !important;\n\t\t\t\t\t\tfont-family: 'Roboto Slab' !important;\r\n\tfont-weight: 300 !important;\t\t\t\t\t}\n\t\t\t\t\t.fbx-modal\n\t\t\t\t\t{\n\t\t\t\t\t\t\t\t\t\t\tbackground-color: rgba(0,0,0,0.75) !important;\n\t\t\t\t\t\t\t\t\t\t\t}\n\t\t\t\t\t.fbx-inner\n\t\t\t\t\t{\n\t\t\t\t\t\tborder: 5px solid #ffffff !important;\n\t\t\t\t\t\t-webkit-border-radius: 5px !important;\n\t\t\t\t\t\t-moz-border-radius: 5px !important;\n\t\t\t\t\t\tborder-radius: 5px !important;\n\t\t\t\t\t}\n\t\t\t\t\t.fbx-item-image\n\t\t\t\t\t{\n\t\t\t\t\t\t-webkit-border-radius: 5px !important;\n\t\t\t\t\t\t-moz-border-radius: 5px !important;\n\t\t\t\t\t\tborder-radius: 5px !important;\n\t\t\t\t\t}\n\t\t\t\t\t\t<\/style>\n\t\t\t\t\t\t<div id=\"gallery_title_container_1223\" class=\"gallery_title_container\">\n\t\t\t\t\t\t<h2>\n\t\t\t\t\t\tTURRONES DUROS\t\t\t\t\t\t<\/h2>\n\t\t\t\t\t<\/div>\n\t\t\t\t\t<script type=\"text\/javascript\">\n\tvar ajaxurl = \"https:\/\/casacolomina.es\/wp-admin\/admin-ajax.php\";\n\tvar global_options_right_click_protection = \"disable\";\n\tvar animation_effect = \"fadeIn\";\n\tif (typeof (call_gallery_bank_layout_type_1223) !== \"function\")\n\t{\n\t\t\/**\n\t\t* This function is used for Layouts.\n\t\t*\n\t\t*@param string layout_type .\n\t\t*\/\n\t\tfunction call_gallery_bank_layout_type_1223()\n\t\t{\n\t\t\t\t\t\t\t\t\tif (jQuery(\".masonry_grid_layout_container\").data('isotope'))\n\t\t\t\t\t\t{\n\t\t\t\t\t\t\tjQuery(\".masonry_grid_layout_container\").isotope('destroy');\n\t\t\t\t\t\t}\n\t\t\t\t\t\tjQuery(\".masonry_grid_layout_container\").imagesLoaded(function ()\n\t\t\t\t\t\t{\n\t\t\t\t\t\t\tjQuery(\".masonry_grid_layout_container\").isotope\n\t\t\t\t\t\t\t({\n\t\t\t\t\t\t\t\titemSelector: \".masonry_grid_wrapper_item\",\n\t\t\t\t\t\t\t\tlayoutMode: 'masonry',\n\t\t\t\t\t\t\t\tpercentPosition: true\n\t\t\t\t\t\t\t});\n\t\t\t\t\t\t\tjQuery(\".gb_animate\").scrolla_gb();\n\t\t\t\t\t\t});\n\t\t\t\t\t\t\t\t}\n\t}\n\tif (typeof (call_gallery_bank_lightbox_1223) !== \"function\")\n\t{\n\t\t\/**\n\t\t* This function is used for Lightboxes.\n\t\t*\n\t\t* @param string lightbox_type .\n\t\t*\n\t\t*\/\n\t\tfunction call_gallery_bank_lightbox_1223(lightbox_type)\n\t\t{\n\t\t\tswitch (lightbox_type)\n\t\t\t{\n\t\t\t\tcase \"foo_box_free_edition\":\n\t\t\t\t\t\t\t\t\t\t\tvar showCount_settings = true;\n\t\t\t\t\t\tvar closeOnOverlayClick = false;\n\t\t\t\t\t\tvar hideScrollbars = false;\n\t\t\t\t\t\tvar onlyShowOnHover = false;\n\t\t\t\t\t\t(function (FOOBOX, $)\n\t\t\t\t\t\t{\n\t\t\t\t\t\t\tFOOBOX.init = function () {\n\t\t\t\t\t\t\t\tFOOBOX.o = {\n\t\t\t\t\t\t\t\t\tshowCount: showCount_settings,\n\t\t\t\t\t\t\t\t\tcloseOnOverlayClick: closeOnOverlayClick,\n\t\t\t\t\t\t\t\t\thideScrollbars: hideScrollbars,\n\t\t\t\t\t\t\t\t\tcaptions:\n\t\t\t\t\t\t\t\t\t{\n\t\t\t\t\t\t\t\t\t\tonlyShowOnHover: onlyShowOnHover,\n\t\t\t\t\t\t\t\t\t\toverrideTitle: true,\n\t\t\t\t\t\t\t\t\t\ttitleSource: 'anchor',\n\t\t\t\t\t\t\t\t\t\toverrideDesc: true,\n\t\t\t\t\t\t\t\t\t\tdescSource: 'anchor'\n\t\t\t\t\t\t\t\t\t}\n\t\t\t\t\t\t\t\t};\n\t\t\t\t\t\t\t\tjQuery(\".foobox\").foobox(FOOBOX.o);\n\t\t\t\t\t\t\t};\n\t\t\t\t\t\t}(window.FOOBOX = window.FOOBOX || {}, jQuery));\n\t\t\t\t\t\tjQuery(function ($)\n\t\t\t\t\t\t{\n\t\t\t\t\t\t\tFOOBOX.init();\n\t\t\t\t\t\t\tjQuery(\".fbx-instance\").on(\"foobox.afterLoad\", function (e)\n\t\t\t\t\t\t\t{\n\t\t\t\t\t\t\t});\n\t\t\t\t\t\t});\n\t\t\t\t\t\t\t\t\tbreak;\n\t\t\t\t}\n\t\t\t}\n\t\t}\n\t\tjQuery(document).ready(function ()\n\t\t{\n\t\t\tif (animation_effect !== \"none\")\n\t\t\t{\n\t\t\t\tjQuery(\".gb_animate\").scrolla_gb();\n\t\t\t}\n\t\t\t\tif (global_options_right_click_protection === \"enable\") {\n\t\t\t\t\tjQuery(\"#gallery_bank_main_container_1223\").on(\"contextmenu\", function (e)\n\t\t\t\t\t{\n\t\t\t\t\t\treturn false;\n\t\t\t\t\t});\n\t\t\t\t}\n\t\t\t\tcall_gallery_bank_layout_type_1223();\n\t\t\t\tcall_gallery_bank_lightbox_1223(\"foo_box_free_edition\");\n});\n<\/script>\n\t\t\t\t<div id=\"grid_layout_container_1223\">\n\t\t\t\t\t<div id=\"control_container_1223\" class=\"masonry_grid_layout_container\">\n\t\t\t\t\t<div id=\"grid_wrapper_item_1223_46\" class=\"masonry_grid_wrapper_item gb_animate\" data-animate=\"fadeIn\"  data-duration=\"1.0s\" data-delay=\"0.1s\" data-offset=\"100\">\n\t\t\t\t\t<div id=\"grid_item_image_1223_46\" class=\"masonry_grid_item_image_1223 \">\n\t\t\t\t\t\t\t\t\t\t\t\t\t\t\t\t\t<a href=\"https:\/\/casacolomina.es\/wp-content\/gallery-bank\/original-images\/o_18roea6q22i61mjceh8139q1500a.jpg\" class=\"foobox\" target=\"\" rel=\"foobox_gallery_1223\"  data-caption-title=\"&lt;h2&gt;TURR\u00d3N GUIRLACHE&lt;\/h2&gt;\" data-caption-desc=\"&lt;h3&gt;Casa Colomina ha convertido en arte, gracias al laborioso cuidado de los ingredientes este turr\u00f3ngracias al laborioso cuidao, el t\u00edpico turr\u00f3n de Guirlache con fin\u00edssimas almendras y puro caramelo.&lt;\/h3&gt;\">\n\t\t\t\t\t\t\t\t\t\t\t\t\t\t\t\t<img decoding=\"async\" src=\"https:\/\/casacolomina.es\/wp-content\/gallery-bank\/thumbs-non-cropped\/o_18roea6q22i61mjceh8139q1500a.jpg\" alt=\"\" image_full_path=\"https:\/\/casacolomina.es\/wp-content\/gallery-bank\/original-images\/o_18roea6q22i61mjceh8139q1500a.jpg\"  id=\"ux_gb_file_1223_46\" name=\"ux_gb_file\" \/>\n\t\t\t\t\t<\/a>\n\t\t\t\t\t<\/div>\n\t\t\t\t\t\t\t\t\t\t\t\t<div id=\"grid_content_item\" class=\"masonry_grid_content_item\">\n\t\t\t\t\t\t\t\t\t\t\t\t\t\t\t\t\t\t<div id=\"grid_single_text_title_1223_46\" class=\"masonry_grid_single_text_title\">\n\t\t\t\t\t\t\t\t\t\t\t<h3>\n\t\t\t\t\t\t\t\t\t\t\tTURR\u00d3N GUIRLACHE\t\t\t\t\t\t\t\t\t\t\t<\/h3>\n\t\t\t\t\t\t\t\t\t\t<\/div>\n\t\t\t\t\t\t\t\t\t\t\t\t\t\t\t\t\t\t\t<div id=\"grid_single_text_desc_1223_46\" class=\"masonry_grid_single_text_desc\">\n\t\t\t\t\t\t\t\t\t\t\t<p>\n\t\t\t\t\t\t\t\t\t\t\tCasa Colomina ha convertido en arte, gracias al laborioso cuidado de los ingredientes este turr\u00f3ngracias al laborioso cuidao, el t\u00edpico turr\u00f3n de Guirlache con fin\u00edssimas almendras y puro caramelo.\t\t\t\t\t\t\t\t\t\t\t<\/p>\n\t\t\t\t\t\t\t\t\t\t<\/div>\n\t\t\t\t\t\t\t\t\t\t\t\t\t\t\t\t<\/div>\n\t\t\t\t\t\t\t\t\t\t<\/div>\n\t\t\t\t\t\t\t\t<div id=\"grid_wrapper_item_1223_47\" class=\"masonry_grid_wrapper_item gb_animate\" data-animate=\"fadeIn\"  data-duration=\"1.0s\" data-delay=\"0.1s\" data-offset=\"100\">\n\t\t\t\t\t<div id=\"grid_item_image_1223_47\" class=\"masonry_grid_item_image_1223 \">\n\t\t\t\t\t\t\t\t\t\t\t\t\t\t\t\t\t<a href=\"https:\/\/casacolomina.es\/wp-content\/gallery-bank\/original-images\/o_18roeai73gra1q0619uru1h11utc.jpg\" class=\"foobox\" target=\"\" rel=\"foobox_gallery_1223\"  data-caption-title=\"&lt;h2&gt;TURR\u00d3N DE ALICANTE&lt;\/h2&gt;\" data-caption-desc=\"&lt;h3&gt;Es un turr\u00f3n tradicional donde se encuentra la primitiva mezcla de los tres ingredientes b\u00e1sicos (almendras, miel y az\u00facar).\nMenos elaborado que el de jijona tiene una textura seca y crujiente exquisito con un buen cava.&lt;\/h3&gt;\">\n\t\t\t\t\t\t\t\t\t\t\t\t\t\t\t\t<img decoding=\"async\" src=\"https:\/\/casacolomina.es\/wp-content\/gallery-bank\/thumbs-non-cropped\/o_18roeai73gra1q0619uru1h11utc.jpg\" alt=\"\" image_full_path=\"https:\/\/casacolomina.es\/wp-content\/gallery-bank\/original-images\/o_18roeai73gra1q0619uru1h11utc.jpg\"  id=\"ux_gb_file_1223_47\" name=\"ux_gb_file\" \/>\n\t\t\t\t\t<\/a>\n\t\t\t\t\t<\/div>\n\t\t\t\t\t\t\t\t\t\t\t\t<div id=\"grid_content_item\" class=\"masonry_grid_content_item\">\n\t\t\t\t\t\t\t\t\t\t\t\t\t\t\t\t\t\t<div id=\"grid_single_text_title_1223_47\" class=\"masonry_grid_single_text_title\">\n\t\t\t\t\t\t\t\t\t\t\t<h3>\n\t\t\t\t\t\t\t\t\t\t\tTURR\u00d3N DE ALICANTE\t\t\t\t\t\t\t\t\t\t\t<\/h3>\n\t\t\t\t\t\t\t\t\t\t<\/div>\n\t\t\t\t\t\t\t\t\t\t\t\t\t\t\t\t\t\t\t<div id=\"grid_single_text_desc_1223_47\" class=\"masonry_grid_single_text_desc\">\n\t\t\t\t\t\t\t\t\t\t\t<p>\n\t\t\t\t\t\t\t\t\t\t\tEs un turr\u00f3n tradicional donde se encuentra la primitiva mezcla de los tres ingredientes b\u00e1sicos (almendras, miel y az\u00facar).\nMenos elaborado que el de jijona tiene una textura seca y crujiente exquisito con un buen cava.\t\t\t\t\t\t\t\t\t\t\t<\/p>\n\t\t\t\t\t\t\t\t\t\t<\/div>\n\t\t\t\t\t\t\t\t\t\t\t\t\t\t\t\t<\/div>\n\t\t\t\t\t\t\t\t\t\t<\/div>\n\t\t\t\t\t\t\t\t<div id=\"grid_wrapper_item_1223_48\" class=\"masonry_grid_wrapper_item gb_animate\" data-animate=\"fadeIn\"  data-duration=\"1.0s\" data-delay=\"0.1s\" data-offset=\"100\">\n\t\t\t\t\t<div id=\"grid_item_image_1223_48\" class=\"masonry_grid_item_image_1223 \">\n\t\t\t\t\t\t\t\t\t\t\t\t\t\t\t\t\t<a href=\"https:\/\/casacolomina.es\/wp-content\/gallery-bank\/original-images\/o_18roeb8lv1og61vjm7og1dramhgq.jpg\" class=\"foobox\" target=\"\" rel=\"foobox_gallery_1223\"  data-caption-title=\"&lt;h2&gt;TURR\u00d3N DE CHOCOLATE&lt;\/h2&gt;\" data-caption-desc=\"&lt;h3&gt;Exquisitas almendras enteras con fin\u00edssimo chocolate abombonado puro chocolate negro, un place5r para los sentidos y para los que no puedan tomar almendras Casa Colomina les ofrece sus variedades: Trufado, whisky y co\u00f1ac.&lt;\/h3&gt;\">\n\t\t\t\t\t\t\t\t\t\t\t\t\t\t\t\t<img decoding=\"async\" src=\"https:\/\/casacolomina.es\/wp-content\/gallery-bank\/thumbs-non-cropped\/o_18roeb8lv1og61vjm7og1dramhgq.jpg\" alt=\"\" image_full_path=\"https:\/\/casacolomina.es\/wp-content\/gallery-bank\/original-images\/o_18roeb8lv1og61vjm7og1dramhgq.jpg\"  id=\"ux_gb_file_1223_48\" name=\"ux_gb_file\" \/>\n\t\t\t\t\t<\/a>\n\t\t\t\t\t<\/div>\n\t\t\t\t\t\t\t\t\t\t\t\t<div id=\"grid_content_item\" class=\"masonry_grid_content_item\">\n\t\t\t\t\t\t\t\t\t\t\t\t\t\t\t\t\t\t<div id=\"grid_single_text_title_1223_48\" class=\"masonry_grid_single_text_title\">\n\t\t\t\t\t\t\t\t\t\t\t<h3>\n\t\t\t\t\t\t\t\t\t\t\tTURR\u00d3N DE CHOCOLATE\t\t\t\t\t\t\t\t\t\t\t<\/h3>\n\t\t\t\t\t\t\t\t\t\t<\/div>\n\t\t\t\t\t\t\t\t\t\t\t\t\t\t\t\t\t\t\t<div id=\"grid_single_text_desc_1223_48\" class=\"masonry_grid_single_text_desc\">\n\t\t\t\t\t\t\t\t\t\t\t<p>\n\t\t\t\t\t\t\t\t\t\t\tExquisitas almendras enteras con fin\u00edssimo chocolate abombonado puro chocolate negro, un place5r para los sentidos y para los que no puedan tomar almendras Casa Colomina les ofrece sus variedades: Trufado, whisky y co\u00f1ac.\t\t\t\t\t\t\t\t\t\t\t<\/p>\n\t\t\t\t\t\t\t\t\t\t<\/div>\n\t\t\t\t\t\t\t\t\t\t\t\t\t\t\t\t<\/div>\n\t\t\t\t\t\t\t\t\t\t<\/div>\n\t\t\t\t\t\t\t\t<div id=\"grid_wrapper_item_1223_49\" class=\"masonry_grid_wrapper_item gb_animate\" data-animate=\"fadeIn\"  data-duration=\"1.0s\" data-delay=\"0.1s\" data-offset=\"100\">\n\t\t\t\t\t<div id=\"grid_item_image_1223_49\" class=\"masonry_grid_item_image_1223 \">\n\t\t\t\t\t\t\t\t\t\t\t\t\t\t\t\t\t<a href=\"https:\/\/casacolomina.es\/wp-content\/gallery-bank\/original-images\/o_18roec8uq8vh1lo07f5feck8m12.jpg\" class=\"foobox\" target=\"\" rel=\"foobox_gallery_1223\"  data-caption-title=\"&lt;h2&gt;TURR\u00d3NICO&lt;\/h2&gt;\" data-caption-desc=\"&lt;h3&gt;Es el turr\u00f3n de Guirlache al estilo de Arag\u00f3n. Contiene dos finas tabletas con la almendra entera y un toque muy especial de aj\u00f3njoli tostado.&lt;\/h3&gt;\">\n\t\t\t\t\t\t\t\t\t\t\t\t\t\t\t\t<img decoding=\"async\" src=\"https:\/\/casacolomina.es\/wp-content\/gallery-bank\/thumbs-non-cropped\/o_18roec8uq8vh1lo07f5feck8m12.jpg\" alt=\"\" image_full_path=\"https:\/\/casacolomina.es\/wp-content\/gallery-bank\/original-images\/o_18roec8uq8vh1lo07f5feck8m12.jpg\"  id=\"ux_gb_file_1223_49\" name=\"ux_gb_file\" \/>\n\t\t\t\t\t<\/a>\n\t\t\t\t\t<\/div>\n\t\t\t\t\t\t\t\t\t\t\t\t<div id=\"grid_content_item\" class=\"masonry_grid_content_item\">\n\t\t\t\t\t\t\t\t\t\t\t\t\t\t\t\t\t\t<div id=\"grid_single_text_title_1223_49\" class=\"masonry_grid_single_text_title\">\n\t\t\t\t\t\t\t\t\t\t\t<h3>\n\t\t\t\t\t\t\t\t\t\t\tTURR\u00d3NICO\t\t\t\t\t\t\t\t\t\t\t<\/h3>\n\t\t\t\t\t\t\t\t\t\t<\/div>\n\t\t\t\t\t\t\t\t\t\t\t\t\t\t\t\t\t\t\t<div id=\"grid_single_text_desc_1223_49\" class=\"masonry_grid_single_text_desc\">\n\t\t\t\t\t\t\t\t\t\t\t<p>\n\t\t\t\t\t\t\t\t\t\t\tEs el turr\u00f3n de Guirlache al estilo de Arag\u00f3n. Contiene dos finas tabletas con la almendra entera y un toque muy especial de aj\u00f3njoli tostado.\t\t\t\t\t\t\t\t\t\t\t<\/p>\n\t\t\t\t\t\t\t\t\t\t<\/div>\n\t\t\t\t\t\t\t\t\t\t\t\t\t\t\t\t<\/div>\n\t\t\t\t\t\t\t\t\t\t<\/div>\n\t\t\t\t\t<\/div>\n\t\t<\/div>\n\t<\/div>\n<\/div>\n\n<table style=\"height: 150px; width: 150px;\" border=\"1\" cellspacing=\"1\" cellpadding=\"1\">\n<tbody>\n<tr>\n<td><a href=\"http:\/\/turronshop.mitiendy.com\/\"><img loading=\"lazy\" decoding=\"async\" class=\"wp-caption aligncenter wp-image-363 size-thumbnail\" style=\"border: 5px solid gray;\" src=\"http:\/\/casacolomina.es\/wp-content\/uploads\/2014\/05\/turron_shop_logo-150x150.jpg\" alt=\"turron_shop_logo\" width=\"150\" height=\"150\" srcset=\"https:\/\/casacolomina.es\/wp-content\/uploads\/2014\/05\/turron_shop_logo-150x150.jpg 150w, https:\/\/casacolomina.es\/wp-content\/uploads\/2014\/05\/turron_shop_logo.jpg 180w\" sizes=\"auto, (max-width: 150px) 100vw, 150px\" \/><\/a><\/td>\n<\/tr>\n<\/tbody>\n<\/table>\n<p>&nbsp;<\/p>\n","protected":false},"excerpt":{"rendered":"<p>&nbsp; &nbsp; &nbsp; &nbsp;<\/p>\n","protected":false},"author":1,"featured_media":0,"parent":0,"menu_order":0,"comment_status":"closed","ping_status":"closed","template":"","meta":{"footnotes":""},"class_list":["post-313","page","type-page","status-publish","hentry"],"_links":{"self":[{"href":"http:\/\/casacolomina.es\/index.php?rest_route=\/wp\/v2\/pages\/313","targetHints":{"allow":["GET"]}}],"collection":[{"href":"http:\/\/casacolomina.es\/index.php?rest_route=\/wp\/v2\/pages"}],"about":[{"href":"http:\/\/casacolomina.es\/index.php?rest_route=\/wp\/v2\/types\/page"}],"author":[{"embeddable":true,"href":"http:\/\/casacolomina.es\/index.php?rest_route=\/wp\/v2\/users\/1"}],"replies":[{"embeddable":true,"href":"http:\/\/casacolomina.es\/index.php?rest_route=%2Fwp%2Fv2%2Fcomments&post=313"}],"version-history":[{"count":17,"href":"http:\/\/casacolomina.es\/index.php?rest_route=\/wp\/v2\/pages\/313\/revisions"}],"predecessor-version":[{"id":849,"href":"http:\/\/casacolomina.es\/index.php?rest_route=\/wp\/v2\/pages\/313\/revisions\/849"}],"wp:attachment":[{"href":"http:\/\/casacolomina.es\/index.php?rest_route=%2Fwp%2Fv2%2Fmedia&parent=313"}],"curies":[{"name":"wp","href":"https:\/\/api.w.org\/{rel}","templated":true}]}}