{"id":304,"date":"2014-07-01T08:21:09","date_gmt":"2014-07-01T08:21:09","guid":{"rendered":"http:\/\/casacolomina.es\/?page_id=304"},"modified":"2018-12-05T12:59:42","modified_gmt":"2018-12-05T12:59:42","slug":"turrones","status":"publish","type":"page","link":"http:\/\/casacolomina.es\/?page_id=304","title":{"rendered":"Turrones blandos"},"content":{"rendered":"<p>&nbsp;<\/p>\n<div id=\"1947\">\n\t<div id=\"gallery_bank_main_container_1947\" class=\"gallery_bank_main_container\">\n\t\t\t<style type=\"text\/css\">\n\t\t\t#gallery_bank_main_container_1947\t\t\t{\n\t\t\t\tdirection: ltr !important;\n\t\t\t}\n\t\t\t.gb-filter-holder_1947\t\t\t{\n\t\t\t\ttext-align: ;\n\t\t\t}\n\t\t@import url('http:\/\/fonts.googleapis.com\/css?family=Roboto+Slab%3A700');\r\n@import url('http:\/\/fonts.googleapis.com\/css?family=Roboto+Slab%3A300');\r\n@import url('http:\/\/fonts.googleapis.com\/css?family=Roboto+Slab%3A700');\r\n@import url('http:\/\/fonts.googleapis.com\/css?family=Roboto+Slab%3A300');\r\n\t\t\t\t\t#gallery_bank_main_container_1947\t\t\t\t\t{\n\t\t\t\t\t\twidth: 100% !important;\n\t\t\t\t\t\tmax-width: 805px !important;\n\t\t\t\t\tfloat: left !important;\t\t\t\t\t}\n\t\t\t\t\t#gallery_title_container_1947 h2\t\t\t\t\t{\n\t\t\t\t\t\tline-height: 1.7 !important;\n\t\t\t\t\t\ttext-align: left !important;\n\t\t\t\t\t\tfont-size: 20px !important;\n\t\t\t\t\t\tcolor : #000000 !important;\n\t\t\t\t\t\tmargin: 10px 0px 10px 0px !important;\n\t\t\t\t\t\tpadding: 10px 0px 10px 0px !important;\n\t\t\t\t\t\tfont-family: 'Roboto Slab' !important;\r\n\tfont-weight: 700 !important;\t\t\t\t\t}\n\t\t\t\t\t#gallery_desc_container_1947 h3\t\t\t\t\t{\n\t\t\t\t\t\tline-height: 1.7 !important;\n\t\t\t\t\t\ttext-align: left !important;\n\t\t\t\t\t\tfont-size: 16px !important;\n\t\t\t\t\t\tcolor : #787D85 !important;\n\t\t\t\t\t\tmargin: 10px 0px 10px 0px !important;\n\t\t\t\t\t\tpadding: 0px 0px 10px 0px !important;\n\t\t\t\t\t\tfont-family: 'Roboto Slab' !important;\r\n\tfont-weight: 300 !important;\n\t\t\t\t\t}\n\t\t\t\t\t.grid_wrapper_item\n\t\t\t\t\t{\n\t\t\t\t\t\tdisplay: inline-block !important;\n\t\t\t\t\t\tvertical-align: top !important;\n\t\t\t\t\t\tmargin: 10px 10px 0px 0px !important;\n\t\t\t\t\t\tpadding: 0px 0px 0px 0px !important;\n\t\t\t\t\t\tbox-shadow: 0px 0px 0px 0px #000000 !important;\n\t\t\t\t\t\t-webkit-box-shadow: 0px 0px 0px 0px #000000 !important;\n\t\t\t\t\t\t-moz-box-shadow: 0px 0px 0px 0px #000000 !important;\n\t\t\t\t\t\toverflow: hidden !important;\n\t\t\t\t\t}\n\t\t\t\t\t#grid_layout_container_1947\t\t\t\t\t{\n\t\t\t\t\t\tclear: both !important;\n\t\t\t\t\t}\n\t\t\t\t\t.grid_item_image_1947\t\t\t\t\t{\n\t\t\t\t\t\topacity: 1 !important;\n\t\t\t\t\t\twidth: 250px !important;\n\t\t\t\t\t\theight: 200px !important;\n\t\t\t\t\t\tbackground-position: center center !important;\n\t\t\t\t\t\toverflow: hidden !important;\n\t\t\t\t\t\tborder: 0px none #000000 !important;\n\t\t\t\t\t\tborder-radius: 0px !important;\n\t\t\t\t\t\t-webkit-border-radius: 0px !important;\n\t\t\t\t\t\t-moz-border-radius: 0px !important;\n\t\t\t\t\t}\n\t\t\t\t\t.grid_item_image_1947 img\n\t\t\t\t\t{\n\t\t\t\t\t\tdisplay: none !important;\n\t\t\t\t\t}\n\t\t\t\t\t.grid_item_image_1947:hover\n\t\t\t\t\t{\n\t\t\t\t\t\ttransition: 1s !important;\n\t\t\t\t\t\ttransform : none !important;\n\t\t\t\t\t\tfilter: none;\n\t\t\t\t\t}\n\t\t\t\t\t.grid_content_item\n\t\t\t\t\t{\n\t\t\t\t\t\twidth: 250px !important;\n\t\t\t\t\t\t\t\t\t\t\t\tbackground: rgba(235,232,235,0.5) !important;\n\t\t\t\t\t\t\t\t\t\t\t}\n\t\t\t\t\t.grid_single_text_title h3\t\t\t\t\t{\n\t\t\t\t\t\tdisplay: block !important;\n\t\t\t\t\t\tline-height: 1.7 !important;\n\t\t\t\t\t\ttext-align: left !important;\n\t\t\t\t\t\tfont-size: 14px !important;\n\t\t\t\t\t\tcolor : #787D85 !important;\n\t\t\t\t\t\tmargin: 0px 5px 0px 5px !important;\n\t\t\t\t\t\tpadding: 10px 10px 10px 10px !important;\n\t\t\t\t\t\tfont-family: 'Roboto Slab' !important;\r\n\tfont-weight: 700 !important;\t\t\t\t\t}\n\t\t\t\t\t.grid_single_text_desc p\t\t\t\t\t{\n\t\t\t\t\t\tdisplay: block !important;\n\t\t\t\t\t\tline-height: 1.7 !important;\n\t\t\t\t\t\ttext-align: left !important;\n\t\t\t\t\t\tfont-size: 12px !important;\n\t\t\t\t\t\tcolor : #787D85 !important;\n\t\t\t\t\t\tmargin: 0px 5px 0px 5px !important;\n\t\t\t\t\t\tpadding: 5px 10px 10px 5px !important;\n\t\t\t\t\t\tfont-family: 'Roboto Slab' !important;\r\n\tfont-weight: 300 !important;\t\t\t\t\t}\n\t\t\t\t\t\t\t\t\t\t.fbx-caption\n\t\t\t\t\t{\n\t\t\t\t\t\ttext-align: left !important;\n\t\t\t\t\t\tborder-bottom-left-radius: 5px !important;\n\t\t\t\t\t\tborder-bottom-right-radius: 5px !important;\n\t\t\t\t\t}\n\t\t\t\t\t.fbx-caption-title h2\t\t\t\t\t{\n\t\t\t\t\t\tline-height: 1.7em !important;\n\t\t\t\t\t\tdisplay: block!important;\n\t\t\t\t\t\ttext-align: left !important;\n\t\t\t\t\t\tfont-size: 16px !important;\n\t\t\t\t\t\tcolor : #ffffff !important;\n\t\t\t\t\t\tmargin: 10px 0px 10px 0px !important;\n\t\t\t\t\t\tpadding: 10px 10px 10px 10px !important;\n\t\t\t\t\t\tfont-family: 'Roboto Slab' !important;\r\n\tfont-weight: 700 !important;\t\t\t\t\t}\n\t\t\t\t\t.fbx-caption-desc h3\t\t\t\t\t{\n\t\t\t\t\t\tline-height: 1.7em !important;\n\t\t\t\t\t\tdisplay: block!important;\n\t\t\t\t\t\ttext-align: left !important;\n\t\t\t\t\t\tfont-size: 14px !important;\n\t\t\t\t\t\tcolor : #ffffff !important;\n\t\t\t\t\t\tmargin: 5px 0px 5px 0px !important;\n\t\t\t\t\t\tpadding: 20px 10px 10px 10px !important;\n\t\t\t\t\t\tfont-family: 'Roboto Slab' !important;\r\n\tfont-weight: 300 !important;\t\t\t\t\t}\n\t\t\t\t\t.fbx-modal\n\t\t\t\t\t{\n\t\t\t\t\t\t\t\t\t\t\tbackground-color: rgba(0,0,0,0.75) !important;\n\t\t\t\t\t\t\t\t\t\t\t}\n\t\t\t\t\t.fbx-inner\n\t\t\t\t\t{\n\t\t\t\t\t\tborder: 5px solid #ffffff !important;\n\t\t\t\t\t\t-webkit-border-radius: 5px !important;\n\t\t\t\t\t\t-moz-border-radius: 5px !important;\n\t\t\t\t\t\tborder-radius: 5px !important;\n\t\t\t\t\t}\n\t\t\t\t\t.fbx-item-image\n\t\t\t\t\t{\n\t\t\t\t\t\t-webkit-border-radius: 5px !important;\n\t\t\t\t\t\t-moz-border-radius: 5px !important;\n\t\t\t\t\t\tborder-radius: 5px !important;\n\t\t\t\t\t}\n\t\t\t\t\t\t<\/style>\n\t\t\t\t\t\t<div id=\"gallery_title_container_1947\" class=\"gallery_title_container\">\n\t\t\t\t\t\t<h2>\n\t\t\t\t\t\tNUESTRAS VARIEDADES BLANDAS\t\t\t\t\t\t<\/h2>\n\t\t\t\t\t<\/div>\n\t\t\t\t\t<script type=\"text\/javascript\">\n\tvar ajaxurl = \"https:\/\/casacolomina.es\/wp-admin\/admin-ajax.php\";\n\tvar global_options_right_click_protection = \"disable\";\n\tvar animation_effect = \"fadeIn\";\n\tif (typeof (call_gallery_bank_layout_type_1947) !== \"function\")\n\t{\n\t\t\/**\n\t\t* This function is used for Layouts.\n\t\t*\n\t\t*@param string layout_type .\n\t\t*\/\n\t\tfunction call_gallery_bank_layout_type_1947()\n\t\t{\n\t\t\t\t\t}\n\t}\n\tif (typeof (call_gallery_bank_lightbox_1947) !== \"function\")\n\t{\n\t\t\/**\n\t\t* This function is used for Lightboxes.\n\t\t*\n\t\t* @param string lightbox_type .\n\t\t*\n\t\t*\/\n\t\tfunction call_gallery_bank_lightbox_1947(lightbox_type)\n\t\t{\n\t\t\tswitch (lightbox_type)\n\t\t\t{\n\t\t\t\tcase \"foo_box_free_edition\":\n\t\t\t\t\t\t\t\t\t\t\tvar showCount_settings = true;\n\t\t\t\t\t\tvar closeOnOverlayClick = false;\n\t\t\t\t\t\tvar hideScrollbars = false;\n\t\t\t\t\t\tvar onlyShowOnHover = false;\n\t\t\t\t\t\t(function (FOOBOX, $)\n\t\t\t\t\t\t{\n\t\t\t\t\t\t\tFOOBOX.init = function () {\n\t\t\t\t\t\t\t\tFOOBOX.o = {\n\t\t\t\t\t\t\t\t\tshowCount: showCount_settings,\n\t\t\t\t\t\t\t\t\tcloseOnOverlayClick: closeOnOverlayClick,\n\t\t\t\t\t\t\t\t\thideScrollbars: hideScrollbars,\n\t\t\t\t\t\t\t\t\tcaptions:\n\t\t\t\t\t\t\t\t\t{\n\t\t\t\t\t\t\t\t\t\tonlyShowOnHover: onlyShowOnHover,\n\t\t\t\t\t\t\t\t\t\toverrideTitle: true,\n\t\t\t\t\t\t\t\t\t\ttitleSource: 'anchor',\n\t\t\t\t\t\t\t\t\t\toverrideDesc: true,\n\t\t\t\t\t\t\t\t\t\tdescSource: 'anchor'\n\t\t\t\t\t\t\t\t\t}\n\t\t\t\t\t\t\t\t};\n\t\t\t\t\t\t\t\tjQuery(\".foobox\").foobox(FOOBOX.o);\n\t\t\t\t\t\t\t};\n\t\t\t\t\t\t}(window.FOOBOX = window.FOOBOX || {}, jQuery));\n\t\t\t\t\t\tjQuery(function ($)\n\t\t\t\t\t\t{\n\t\t\t\t\t\t\tFOOBOX.init();\n\t\t\t\t\t\t\tjQuery(\".fbx-instance\").on(\"foobox.afterLoad\", function (e)\n\t\t\t\t\t\t\t{\n\t\t\t\t\t\t\t});\n\t\t\t\t\t\t});\n\t\t\t\t\t\t\t\t\tbreak;\n\t\t\t\t}\n\t\t\t}\n\t\t}\n\t\tjQuery(document).ready(function ()\n\t\t{\n\t\t\tif (animation_effect !== \"none\")\n\t\t\t{\n\t\t\t\tjQuery(\".gb_animate\").scrolla_gb();\n\t\t\t}\n\t\t\t\tif (global_options_right_click_protection === \"enable\") {\n\t\t\t\t\tjQuery(\"#gallery_bank_main_container_1947\").on(\"contextmenu\", function (e)\n\t\t\t\t\t{\n\t\t\t\t\t\treturn false;\n\t\t\t\t\t});\n\t\t\t\t}\n\t\t\t\tcall_gallery_bank_layout_type_1947();\n\t\t\t\tcall_gallery_bank_lightbox_1947(\"foo_box_free_edition\");\n});\n<\/script>\n\t\t\t\t<div id=\"grid_layout_container_1947\">\n\t\t\t\t\t<div id=\"control_container_1947\" class=\"grid_layout_container\">\n\t\t\t\t\t<div id=\"grid_wrapper_item_1947_37\" class=\"grid_wrapper_item gb_animate\"  data-animate=\"fadeIn\" data-duration=\"1.0s\" data-delay=\"0.1s\" data-offset=\"100\">\n\t\t\t\t\t\t\t\t\t\t\t\t<a href=\"https:\/\/casacolomina.es\/wp-content\/gallery-bank\/original-images\/o_18roc2cvs1egl1ept1aq41gnu17pnb.jpg\" class=\"foobox\" target=\"\" rel=\"foobox_gallery_1947\"  data-caption-title=\"&lt;h2&gt;TURRON DE NATA NUECES&lt;\/h2&gt;\" data-caption-desc=\"&lt;h3&gt;Con su base de mazap\u00e1n (almendra y az\u00facar) combinado con leche y nueces.\nEsun turr\u00f3n relativamente novedoso que poco a poco se va posicionando con \u00e9xito en el mercado.&lt;\/h3&gt;\">\n\t\t\t\t\t\t\t\t\t\t\t\t\t<div id=\"grid_item_image_1947_37\" class=\"grid_item_image_1947 \" style=\"background:url('https:\/\/casacolomina.es\/wp-content\/gallery-bank\/thumbs-non-cropped\/o_18roc2cvs1egl1ept1aq41gnu17pnb.jpg');background-size:100% 100% !important;\">\n\t\t\t\t\t<img decoding=\"async\" src=\"https:\/\/casacolomina.es\/wp-content\/gallery-bank\/thumbs-non-cropped\/o_18roc2cvs1egl1ept1aq41gnu17pnb.jpg\" image_full_path=\"image\" alt=\"\" id=\"ux_gb_file\" name= \"ux_gb_file_1947_37\"\/>\n\t\t\t\t<\/div>\n\t\t\t<\/a>\n\t\t\t\t\t\t\t<div id=\"grid_content_item\" class=\"grid_content_item\">\n\t\t\t\t\t\t\t\t\t\t\t<div id=\"grid_single_text_title_1947_37\" class=\"grid_single_text_title\">\n\t\t\t\t\t\t\t<h3>\n\t\t\t\t\t\t\tTURRON DE NATA NUECES\t\t\t\t\t\t\t<\/h3>\n\t\t\t\t\t\t<\/div>\n\t\t\t\t\t\t\t\t\t\t\t\t<div id=\"grid_single_text_desc_1947\" class=\"grid_single_text_desc\">\n\t\t\t\t\t\t\t<p>\n\t\t\t\t\t\t\tCon su base de mazap\u00e1n (almendra y az\u00facar) combinado con leche y nueces.\nEsun turr\u00f3n relativamente novedoso que poco a poco se va posicionando con \u00e9xito en el mercado.\t\t\t\t\t\t\t<\/p>\n\t\t\t\t\t\t<\/div>\n\t\t\t\t\t\t\t\t\t\t<\/div>\n\t\t\t\t\t\t<\/div>\n\t\t\t\t\t\t<div id=\"grid_wrapper_item_1947_38\" class=\"grid_wrapper_item gb_animate\"  data-animate=\"fadeIn\" data-duration=\"1.0s\" data-delay=\"0.1s\" data-offset=\"100\">\n\t\t\t\t\t\t\t\t\t\t\t\t<a href=\"https:\/\/casacolomina.es\/wp-content\/gallery-bank\/original-images\/o_18roc2cvt1utbv3539p1m70cc1c.jpg\" class=\"foobox\" target=\"\" rel=\"foobox_gallery_1947\"  data-caption-title=\"&lt;h2&gt;TURRON DE CREMA&lt;\/h2&gt;\" data-caption-desc=\"&lt;h3&gt;este turr\u00f3n de crema es un postre muy dulce con una esponjosa textura, sabor a leche y huevo y una fina capa de az\u00facar tostado.&lt;\/h3&gt;\">\n\t\t\t\t\t\t\t\t\t\t\t\t\t<div id=\"grid_item_image_1947_38\" class=\"grid_item_image_1947 \" style=\"background:url('https:\/\/casacolomina.es\/wp-content\/gallery-bank\/thumbs-non-cropped\/o_18roc2cvt1utbv3539p1m70cc1c.jpg');background-size:100% 100% !important;\">\n\t\t\t\t\t<img decoding=\"async\" src=\"https:\/\/casacolomina.es\/wp-content\/gallery-bank\/thumbs-non-cropped\/o_18roc2cvt1utbv3539p1m70cc1c.jpg\" image_full_path=\"image\" alt=\"\" id=\"ux_gb_file\" name= \"ux_gb_file_1947_38\"\/>\n\t\t\t\t<\/div>\n\t\t\t<\/a>\n\t\t\t\t\t\t\t<div id=\"grid_content_item\" class=\"grid_content_item\">\n\t\t\t\t\t\t\t\t\t\t\t<div id=\"grid_single_text_title_1947_38\" class=\"grid_single_text_title\">\n\t\t\t\t\t\t\t<h3>\n\t\t\t\t\t\t\tTURRON DE CREMA\t\t\t\t\t\t\t<\/h3>\n\t\t\t\t\t\t<\/div>\n\t\t\t\t\t\t\t\t\t\t\t\t<div id=\"grid_single_text_desc_1947\" class=\"grid_single_text_desc\">\n\t\t\t\t\t\t\t<p>\n\t\t\t\t\t\t\teste turr\u00f3n de crema es un postre muy dulce con una esponjosa textura, sabor a leche y huevo y una fina capa de az\u00facar tostado.\t\t\t\t\t\t\t<\/p>\n\t\t\t\t\t\t<\/div>\n\t\t\t\t\t\t\t\t\t\t<\/div>\n\t\t\t\t\t\t<\/div>\n\t\t\t\t\t\t<div id=\"grid_wrapper_item_1947_39\" class=\"grid_wrapper_item gb_animate\"  data-animate=\"fadeIn\" data-duration=\"1.0s\" data-delay=\"0.1s\" data-offset=\"100\">\n\t\t\t\t\t\t\t\t\t\t\t\t<a href=\"https:\/\/casacolomina.es\/wp-content\/gallery-bank\/original-images\/o_18roc2nt21hbsm1jhr183s1rlng.jpg\" class=\"foobox\" target=\"\" rel=\"foobox_gallery_1947\"  data-caption-title=\"&lt;h2&gt;TURR\u00d3N DE MAZAPAN&lt;\/h2&gt;\" data-caption-desc=\"&lt;h3&gt;casa colomina hce de esta sencilla variedad de almendra y az\u00facar algo inmejorable.\nCon un toque a lim\u00f3n y canela su sabor resulta exquis\u00edtoa cualquier hora acompa\u00f1ado de cava o vino dulce.&lt;\/h3&gt;\">\n\t\t\t\t\t\t\t\t\t\t\t\t\t<div id=\"grid_item_image_1947_39\" class=\"grid_item_image_1947 \" style=\"background:url('https:\/\/casacolomina.es\/wp-content\/gallery-bank\/thumbs-non-cropped\/o_18roc2nt21hbsm1jhr183s1rlng.jpg');background-size:100% 100% !important;\">\n\t\t\t\t\t<img decoding=\"async\" src=\"https:\/\/casacolomina.es\/wp-content\/gallery-bank\/thumbs-non-cropped\/o_18roc2nt21hbsm1jhr183s1rlng.jpg\" image_full_path=\"image\" alt=\"\" id=\"ux_gb_file\" name= \"ux_gb_file_1947_39\"\/>\n\t\t\t\t<\/div>\n\t\t\t<\/a>\n\t\t\t\t\t\t\t<div id=\"grid_content_item\" class=\"grid_content_item\">\n\t\t\t\t\t\t\t\t\t\t\t<div id=\"grid_single_text_title_1947_39\" class=\"grid_single_text_title\">\n\t\t\t\t\t\t\t<h3>\n\t\t\t\t\t\t\tTURR\u00d3N DE MAZAPAN\t\t\t\t\t\t\t<\/h3>\n\t\t\t\t\t\t<\/div>\n\t\t\t\t\t\t\t\t\t\t\t\t<div id=\"grid_single_text_desc_1947\" class=\"grid_single_text_desc\">\n\t\t\t\t\t\t\t<p>\n\t\t\t\t\t\t\tcasa colomina hce de esta sencilla variedad de almendra y az\u00facar algo inmejorable.\nCon un toque a lim\u00f3n y canela su sabor resulta exquis\u00edtoa cualquier hora acompa\u00f1ado de cava o vino dulce.\t\t\t\t\t\t\t<\/p>\n\t\t\t\t\t\t<\/div>\n\t\t\t\t\t\t\t\t\t\t<\/div>\n\t\t\t\t\t\t<\/div>\n\t\t\t\t\t\t<div id=\"grid_wrapper_item_1947_40\" class=\"grid_wrapper_item gb_animate\"  data-animate=\"fadeIn\" data-duration=\"1.0s\" data-delay=\"0.1s\" data-offset=\"100\">\n\t\t\t\t\t\t\t\t\t\t\t\t<a href=\"https:\/\/casacolomina.es\/wp-content\/gallery-bank\/original-images\/o_18roc37rub6l1f311uli1ae2ogdk.jpg\" class=\"foobox\" target=\"\" rel=\"foobox_gallery_1947\"  data-caption-title=\"&lt;h2&gt;TURR\u00d3N DE YEMA&lt;\/h2&gt;\" data-caption-desc=\"&lt;h3&gt;nuestra versi\u00f3n del turr\u00f3n de yema, le sorprender\u00e1. Recomendado a los amantes del sabor puro, su mezcla de almendra y huevo y con un suave toque de canela, no le dejar\u00e1 indiferente.&lt;\/h3&gt;\">\n\t\t\t\t\t\t\t\t\t\t\t\t\t<div id=\"grid_item_image_1947_40\" class=\"grid_item_image_1947 \" style=\"background:url('https:\/\/casacolomina.es\/wp-content\/gallery-bank\/thumbs-non-cropped\/o_18roc37rub6l1f311uli1ae2ogdk.jpg');background-size:100% 100% !important;\">\n\t\t\t\t\t<img decoding=\"async\" src=\"https:\/\/casacolomina.es\/wp-content\/gallery-bank\/thumbs-non-cropped\/o_18roc37rub6l1f311uli1ae2ogdk.jpg\" image_full_path=\"image\" alt=\"\" id=\"ux_gb_file\" name= \"ux_gb_file_1947_40\"\/>\n\t\t\t\t<\/div>\n\t\t\t<\/a>\n\t\t\t\t\t\t\t<div id=\"grid_content_item\" class=\"grid_content_item\">\n\t\t\t\t\t\t\t\t\t\t\t<div id=\"grid_single_text_title_1947_40\" class=\"grid_single_text_title\">\n\t\t\t\t\t\t\t<h3>\n\t\t\t\t\t\t\tTURR\u00d3N DE YEMA\t\t\t\t\t\t\t<\/h3>\n\t\t\t\t\t\t<\/div>\n\t\t\t\t\t\t\t\t\t\t\t\t<div id=\"grid_single_text_desc_1947\" class=\"grid_single_text_desc\">\n\t\t\t\t\t\t\t<p>\n\t\t\t\t\t\t\tnuestra versi\u00f3n del turr\u00f3n de yema, le sorprender\u00e1. Recomendado a los amantes del sabor puro, su mezcla de almendra y huevo y con un suave toque de canela, no le dejar\u00e1 indiferente.\t\t\t\t\t\t\t<\/p>\n\t\t\t\t\t\t<\/div>\n\t\t\t\t\t\t\t\t\t\t<\/div>\n\t\t\t\t\t\t<\/div>\n\t\t\t\t\t\t<div id=\"grid_wrapper_item_1947_41\" class=\"grid_wrapper_item gb_animate\"  data-animate=\"fadeIn\" data-duration=\"1.0s\" data-delay=\"0.1s\" data-offset=\"100\">\n\t\t\t\t\t\t\t\t\t\t\t\t<a href=\"https:\/\/casacolomina.es\/wp-content\/gallery-bank\/original-images\/o_18roc3k5bcmli9a21bdr13ltn.jpg\" class=\"foobox\" target=\"\" rel=\"foobox_gallery_1947\"  data-caption-title=\"&lt;h2&gt;TURR\u00d3N DE JIJONA&lt;\/h2&gt;\" data-caption-desc=\"&lt;h3&gt;Nuetro cl\u00e1sico turr\u00f3n de Jijona, ideal siempre solo o acompa\u00f1ado picado o rallado sobre cu\u00e1lquier postre.&lt;\/h3&gt;\">\n\t\t\t\t\t\t\t\t\t\t\t\t\t<div id=\"grid_item_image_1947_41\" class=\"grid_item_image_1947 \" style=\"background:url('https:\/\/casacolomina.es\/wp-content\/gallery-bank\/thumbs-non-cropped\/o_18roc3k5bcmli9a21bdr13ltn.jpg');background-size:100% 100% !important;\">\n\t\t\t\t\t<img decoding=\"async\" src=\"https:\/\/casacolomina.es\/wp-content\/gallery-bank\/thumbs-non-cropped\/o_18roc3k5bcmli9a21bdr13ltn.jpg\" image_full_path=\"image\" alt=\"\" id=\"ux_gb_file\" name= \"ux_gb_file_1947_41\"\/>\n\t\t\t\t<\/div>\n\t\t\t<\/a>\n\t\t\t\t\t\t\t<div id=\"grid_content_item\" class=\"grid_content_item\">\n\t\t\t\t\t\t\t\t\t\t\t<div id=\"grid_single_text_title_1947_41\" class=\"grid_single_text_title\">\n\t\t\t\t\t\t\t<h3>\n\t\t\t\t\t\t\tTURR\u00d3N DE JIJONA\t\t\t\t\t\t\t<\/h3>\n\t\t\t\t\t\t<\/div>\n\t\t\t\t\t\t\t\t\t\t\t\t<div id=\"grid_single_text_desc_1947\" class=\"grid_single_text_desc\">\n\t\t\t\t\t\t\t<p>\n\t\t\t\t\t\t\tNuetro cl\u00e1sico turr\u00f3n de Jijona, ideal siempre solo o acompa\u00f1ado picado o rallado sobre cu\u00e1lquier postre.\t\t\t\t\t\t\t<\/p>\n\t\t\t\t\t\t<\/div>\n\t\t\t\t\t\t\t\t\t\t<\/div>\n\t\t\t\t\t\t<\/div>\n\t\t\t\t\t\t<div id=\"grid_wrapper_item_1947_42\" class=\"grid_wrapper_item gb_animate\"  data-animate=\"fadeIn\" data-duration=\"1.0s\" data-delay=\"0.1s\" data-offset=\"100\">\n\t\t\t\t\t\t\t\t\t\t\t\t<a href=\"https:\/\/casacolomina.es\/wp-content\/gallery-bank\/original-images\/o_18roc43ou1d912l71soltus173tr.jpg\" class=\"foobox\" target=\"\" rel=\"foobox_gallery_1947\"  data-caption-title=\"&lt;h2&gt;TURRON DE COCO&lt;\/h2&gt;\" data-caption-desc=\"&lt;h3&gt;Un sabor tropical, dulce y ex\u00f3tico mezclado con nuestras almendras mediterr\u00e1neas, un toque original en su mesa.&lt;\/h3&gt;\">\n\t\t\t\t\t\t\t\t\t\t\t\t\t<div id=\"grid_item_image_1947_42\" class=\"grid_item_image_1947 \" style=\"background:url('https:\/\/casacolomina.es\/wp-content\/gallery-bank\/thumbs-non-cropped\/o_18roc43ou1d912l71soltus173tr.jpg');background-size:100% 100% !important;\">\n\t\t\t\t\t<img decoding=\"async\" src=\"https:\/\/casacolomina.es\/wp-content\/gallery-bank\/thumbs-non-cropped\/o_18roc43ou1d912l71soltus173tr.jpg\" image_full_path=\"image\" alt=\"\" id=\"ux_gb_file\" name= \"ux_gb_file_1947_42\"\/>\n\t\t\t\t<\/div>\n\t\t\t<\/a>\n\t\t\t\t\t\t\t<div id=\"grid_content_item\" class=\"grid_content_item\">\n\t\t\t\t\t\t\t\t\t\t\t<div id=\"grid_single_text_title_1947_42\" class=\"grid_single_text_title\">\n\t\t\t\t\t\t\t<h3>\n\t\t\t\t\t\t\tTURRON DE COCO\t\t\t\t\t\t\t<\/h3>\n\t\t\t\t\t\t<\/div>\n\t\t\t\t\t\t\t\t\t\t\t\t<div id=\"grid_single_text_desc_1947\" class=\"grid_single_text_desc\">\n\t\t\t\t\t\t\t<p>\n\t\t\t\t\t\t\tUn sabor tropical, dulce y ex\u00f3tico mezclado con nuestras almendras mediterr\u00e1neas, un toque original en su mesa.\t\t\t\t\t\t\t<\/p>\n\t\t\t\t\t\t<\/div>\n\t\t\t\t\t\t\t\t\t\t<\/div>\n\t\t\t\t\t\t<\/div>\n\t\t\t\t\t\t<div id=\"grid_wrapper_item_1947_43\" class=\"grid_wrapper_item gb_animate\"  data-animate=\"fadeIn\" data-duration=\"1.0s\" data-delay=\"0.1s\" data-offset=\"100\">\n\t\t\t\t\t\t\t\t\t\t\t\t<a href=\"https:\/\/casacolomina.es\/wp-content\/gallery-bank\/original-images\/o_18roc4m8gs7u1krkuvj5t61n2l13.JPG\" class=\"foobox\" target=\"\" rel=\"foobox_gallery_1947\"  data-caption-title=\"&lt;h2&gt;TURRON DE WHISKY&lt;\/h2&gt;\" data-caption-desc=\"&lt;h3&gt;Para los que no gusten o o puedan tomar almendras, Casa Colomina les ofrece las variedades, trufado, whisky y co\u00f1ac.&lt;\/h3&gt;\">\n\t\t\t\t\t\t\t\t\t\t\t\t\t<div id=\"grid_item_image_1947_43\" class=\"grid_item_image_1947 \" style=\"background:url('https:\/\/casacolomina.es\/wp-content\/gallery-bank\/thumbs-non-cropped\/o_18roc4m8gs7u1krkuvj5t61n2l13.JPG');background-size:100% 100% !important;\">\n\t\t\t\t\t<img decoding=\"async\" src=\"https:\/\/casacolomina.es\/wp-content\/gallery-bank\/thumbs-non-cropped\/o_18roc4m8gs7u1krkuvj5t61n2l13.JPG\" image_full_path=\"image\" alt=\"\" id=\"ux_gb_file\" name= \"ux_gb_file_1947_43\"\/>\n\t\t\t\t<\/div>\n\t\t\t<\/a>\n\t\t\t\t\t\t\t<div id=\"grid_content_item\" class=\"grid_content_item\">\n\t\t\t\t\t\t\t\t\t\t\t<div id=\"grid_single_text_title_1947_43\" class=\"grid_single_text_title\">\n\t\t\t\t\t\t\t<h3>\n\t\t\t\t\t\t\tTURRON DE WHISKY\t\t\t\t\t\t\t<\/h3>\n\t\t\t\t\t\t<\/div>\n\t\t\t\t\t\t\t\t\t\t\t\t<div id=\"grid_single_text_desc_1947\" class=\"grid_single_text_desc\">\n\t\t\t\t\t\t\t<p>\n\t\t\t\t\t\t\tPara los que no gusten o o puedan tomar almendras, Casa Colomina les ofrece las variedades, trufado, whisky y co\u00f1ac.\t\t\t\t\t\t\t<\/p>\n\t\t\t\t\t\t<\/div>\n\t\t\t\t\t\t\t\t\t\t<\/div>\n\t\t\t\t\t\t<\/div>\n\t\t\t\t\t\t<div id=\"grid_wrapper_item_1947_44\" class=\"grid_wrapper_item gb_animate\"  data-animate=\"fadeIn\" data-duration=\"1.0s\" data-delay=\"0.1s\" data-offset=\"100\">\n\t\t\t\t\t\t\t\t\t\t\t\t<a href=\"https:\/\/casacolomina.es\/wp-content\/gallery-bank\/original-images\/o_18roc4m8h1mff1o1c1j2j3etgbv15.jpg\" class=\"foobox\" target=\"\" rel=\"foobox_gallery_1947\"  data-caption-title=\"&lt;h2&gt;TURR\u00d3N SIN AZ\u00daCAR&lt;\/h2&gt;\" data-caption-desc=\"&lt;h3&gt;Turr\u00f3n de jijona blando, de alicante duro. Di\u00e9teticos. Un sabor que Casa Colomina ha cuidado con esmero sin utilizar miel ni az\u00facar.&lt;\/h3&gt;\">\n\t\t\t\t\t\t\t\t\t\t\t\t\t<div id=\"grid_item_image_1947_44\" class=\"grid_item_image_1947 \" style=\"background:url('https:\/\/casacolomina.es\/wp-content\/gallery-bank\/thumbs-non-cropped\/o_18roc4m8h1mff1o1c1j2j3etgbv15.jpg');background-size:100% 100% !important;\">\n\t\t\t\t\t<img decoding=\"async\" src=\"https:\/\/casacolomina.es\/wp-content\/gallery-bank\/thumbs-non-cropped\/o_18roc4m8h1mff1o1c1j2j3etgbv15.jpg\" image_full_path=\"image\" alt=\"\" id=\"ux_gb_file\" name= \"ux_gb_file_1947_44\"\/>\n\t\t\t\t<\/div>\n\t\t\t<\/a>\n\t\t\t\t\t\t\t<div id=\"grid_content_item\" class=\"grid_content_item\">\n\t\t\t\t\t\t\t\t\t\t\t<div id=\"grid_single_text_title_1947_44\" class=\"grid_single_text_title\">\n\t\t\t\t\t\t\t<h3>\n\t\t\t\t\t\t\tTURR\u00d3N SIN AZ\u00daCAR\t\t\t\t\t\t\t<\/h3>\n\t\t\t\t\t\t<\/div>\n\t\t\t\t\t\t\t\t\t\t\t\t<div id=\"grid_single_text_desc_1947\" class=\"grid_single_text_desc\">\n\t\t\t\t\t\t\t<p>\n\t\t\t\t\t\t\tTurr\u00f3n de jijona blando, de alicante duro. Di\u00e9teticos. Un sabor que Casa Colomina ha cuidado con esmero sin utilizar miel ni az\u00facar.\t\t\t\t\t\t\t<\/p>\n\t\t\t\t\t\t<\/div>\n\t\t\t\t\t\t\t\t\t\t<\/div>\n\t\t\t\t\t\t<\/div>\n\t\t\t<\/div>\n\t\t<\/div>\n\t<\/div>\n<\/div>\n\n<table style=\"height: 150px; width: 150px;\" border=\"1\" cellspacing=\"1\" cellpadding=\"1\">\n<caption>\n<p style=\"text-align: left;\">\n<\/caption>\n<tbody>\n<tr>\n<td><a href=\"http:\/\/turronshop.mitiendy.com\/\"><img loading=\"lazy\" decoding=\"async\" class=\"wp-caption aligncenter wp-image-363 size-thumbnail\" style=\"border: 5px solid gray;\" src=\"http:\/\/casacolomina.es\/wp-content\/uploads\/2014\/05\/turron_shop_logo-150x150.jpg\" alt=\"turron_shop_logo\" width=\"150\" height=\"150\" srcset=\"https:\/\/casacolomina.es\/wp-content\/uploads\/2014\/05\/turron_shop_logo-150x150.jpg 150w, https:\/\/casacolomina.es\/wp-content\/uploads\/2014\/05\/turron_shop_logo.jpg 180w\" sizes=\"auto, (max-width: 150px) 100vw, 150px\" \/><\/a><\/td>\n<\/tr>\n<\/tbody>\n<\/table>\n","protected":false},"excerpt":{"rendered":"<p>&nbsp;<\/p>\n","protected":false},"author":1,"featured_media":0,"parent":0,"menu_order":0,"comment_status":"closed","ping_status":"closed","template":"","meta":{"footnotes":""},"class_list":["post-304","page","type-page","status-publish","hentry"],"_links":{"self":[{"href":"http:\/\/casacolomina.es\/index.php?rest_route=\/wp\/v2\/pages\/304","targetHints":{"allow":["GET"]}}],"collection":[{"href":"http:\/\/casacolomina.es\/index.php?rest_route=\/wp\/v2\/pages"}],"about":[{"href":"http:\/\/casacolomina.es\/index.php?rest_route=\/wp\/v2\/types\/page"}],"author":[{"embeddable":true,"href":"http:\/\/casacolomina.es\/index.php?rest_route=\/wp\/v2\/users\/1"}],"replies":[{"embeddable":true,"href":"http:\/\/casacolomina.es\/index.php?rest_route=%2Fwp%2Fv2%2Fcomments&post=304"}],"version-history":[{"count":10,"href":"http:\/\/casacolomina.es\/index.php?rest_route=\/wp\/v2\/pages\/304\/revisions"}],"predecessor-version":[{"id":801,"href":"http:\/\/casacolomina.es\/index.php?rest_route=\/wp\/v2\/pages\/304\/revisions\/801"}],"wp:attachment":[{"href":"http:\/\/casacolomina.es\/index.php?rest_route=%2Fwp%2Fv2%2Fmedia&parent=304"}],"curies":[{"name":"wp","href":"https:\/\/api.w.org\/{rel}","templated":true}]}}