{"id":12,"date":"2014-05-13T14:15:46","date_gmt":"2014-05-13T14:15:46","guid":{"rendered":"http:\/\/casacolomina.es\/?page_id=12"},"modified":"2025-11-03T18:03:44","modified_gmt":"2025-11-03T18:03:44","slug":"contacto","status":"publish","type":"page","link":"http:\/\/casacolomina.es\/?page_id=12","title":{"rendered":"Comprar online"},"content":{"rendered":"<p style=\"text-align: center;\">Puede adquirir nuestros productos en nuestra tienda on-line https:\/\/familiacolomina.com\/<\/p>\n<p style=\"text-align: center;\"><strong style=\"text-align: center; line-height: 1.6em;\">\u00a0<\/strong><\/p>\n<p><a href=\"https:\/\/familiacolomina.com\"><img loading=\"lazy\" decoding=\"async\" class=\"wp-caption  aligncenter wp-image-930\" style=\"border: 5px solid gray; width: 212px;\" title=\"Compra On-line.\" src=\"https:\/\/casacolomina.es\/wp-content\/uploads\/2025\/11\/E.commerce-design-150x150.png\" alt=\"https:\/\/familiacolomina.com\" width=\"212\" height=\"212\" \/><\/a><\/p>\n<p>&nbsp;<\/p>\n<p><span style=\"line-height: 1.6em;\">Para m\u00e1s informaci\u00f3n puede dirigirse a nosotros en la direcci\u00f3n: <b>familiacolomina@gmail.com<\/b><\/span><\/p>\n<p>&nbsp;<\/p>\n","protected":false},"excerpt":{"rendered":"<p>Puede adquirir nuestros productos en nuestra tienda on-line https:\/\/familiacolomina.com\/ \u00a0 &nbsp; Para m\u00e1s informaci\u00f3n puede dirigirse a nosotros en la direcci\u00f3n: familiacolomina@gmail.com &nbsp;<\/p>\n","protected":false},"author":1,"featured_media":0,"parent":0,"menu_order":0,"comment_status":"closed","ping_status":"closed","template":"","meta":{"footnotes":""},"class_list":["post-12","page","type-page","status-publish","hentry"],"_links":{"self":[{"href":"http:\/\/casacolomina.es\/index.php?rest_route=\/wp\/v2\/pages\/12","targetHints":{"allow":["GET"]}}],"collection":[{"href":"http:\/\/casacolomina.es\/index.php?rest_route=\/wp\/v2\/pages"}],"about":[{"href":"http:\/\/casacolomina.es\/index.php?rest_route=\/wp\/v2\/types\/page"}],"author":[{"embeddable":true,"href":"http:\/\/casacolomina.es\/index.php?rest_route=\/wp\/v2\/users\/1"}],"replies":[{"embeddable":true,"href":"http:\/\/casacolomina.es\/index.php?rest_route=%2Fwp%2Fv2%2Fcomments&post=12"}],"version-history":[{"count":40,"href":"http:\/\/casacolomina.es\/index.php?rest_route=\/wp\/v2\/pages\/12\/revisions"}],"predecessor-version":[{"id":945,"href":"http:\/\/casacolomina.es\/index.php?rest_route=\/wp\/v2\/pages\/12\/revisions\/945"}],"wp:attachment":[{"href":"http:\/\/casacolomina.es\/index.php?rest_route=%2Fwp%2Fv2%2Fmedia&parent=12"}],"curies":[{"name":"wp","href":"https:\/\/api.w.org\/{rel}","templated":true}]}}